{"id":741,"date":"2023-04-02T09:57:11","date_gmt":"2023-04-02T07:57:11","guid":{"rendered":"https:\/\/buer.webdev4u.info\/buer-et-ses-projets\/"},"modified":"2023-04-30T19:32:41","modified_gmt":"2023-04-30T19:32:41","slug":"buer-et-ses-projets","status":"publish","type":"page","link":"https:\/\/buer.ch\/fr\/buer-et-ses-projets\/","title":{"rendered":"B\u00dcR et ses projets"},"content":{"rendered":"<style>.kadence-column_ef33c6-13{max-width:1024px;margin-left:auto;margin-right:auto;}.wp-block-kadence-column.kb-section-dir-horizontal:not(.kb-section-md-dir-vertical)>.kt-inside-inner-col>.kadence-column_ef33c6-13{-webkit-flex:0 1 1024px;flex:0 1 1024px;max-width:unset;margin-left:unset;margin-right:unset;}.kadence-column_ef33c6-13 > .kt-inside-inner-col,.kadence-column_ef33c6-13 > .kt-inside-inner-col:before{border-top-left-radius:0px;border-top-right-radius:0px;border-bottom-right-radius:0px;border-bottom-left-radius:0px;}.kadence-column_ef33c6-13 > .kt-inside-inner-col{column-gap:var(--global-kb-gap-sm, 1rem);}.kadence-column_ef33c6-13 > .kt-inside-inner-col{flex-direction:column;}.kadence-column_ef33c6-13 > .kt-inside-inner-col > .aligncenter{width:100%;}.kadence-column_ef33c6-13 > .kt-inside-inner-col:before{opacity:0.3;}.kadence-column_ef33c6-13{position:relative;}.kadence-column_ef33c6-13, .kt-inside-inner-col > .kadence-column_ef33c6-13:not(.specificity){margin-bottom:var(--global-kb-spacing-sm, 1.5rem);}@media all and (min-width: 1025px){.wp-block-kadence-column.kb-section-dir-horizontal>.kt-inside-inner-col>.kadence-column_ef33c6-13{-webkit-flex:0 1 1024px;flex:0 1 1024px;max-width:unset;margin-left:unset;margin-right:unset;}}@media all and (max-width: 1024px){.kadence-column_ef33c6-13 > .kt-inside-inner-col{flex-direction:column;}}@media all and (max-width: 767px){.wp-block-kadence-column.kb-section-sm-dir-vertical:not(.kb-section-sm-dir-horizontal):not(.kb-section-sm-dir-specificity)>.kt-inside-inner-col>.kadence-column_ef33c6-13{max-width:1024px;-webkit-flex:1;flex:1;margin-left:auto;margin-right:auto;}.kadence-column_ef33c6-13 > .kt-inside-inner-col{flex-direction:column;}}<\/style>\n<div class=\"wp-block-kadence-column kadence-column_ef33c6-13\"><div class=\"kt-inside-inner-col\"><style>.wp-block-kadence-advancedheading.kt-adv-heading_a1a583-2b, .wp-block-kadence-advancedheading.kt-adv-heading_a1a583-2b[data-kb-block=\"kb-adv-heading_a1a583-2b\"]{margin-bottom:var(--global-kb-spacing-sm, 1.5rem);font-style:normal;}.wp-block-kadence-advancedheading.kt-adv-heading_a1a583-2b mark.kt-highlight, .wp-block-kadence-advancedheading.kt-adv-heading_a1a583-2b[data-kb-block=\"kb-adv-heading_a1a583-2b\"] mark.kt-highlight{font-style:normal;color:#f76a0c;-webkit-box-decoration-break:clone;box-decoration-break:clone;padding-top:0px;padding-right:0px;padding-bottom:0px;padding-left:0px;}<\/style>\n<h1 class=\"kt-adv-heading_a1a583-2b wp-block-kadence-advancedheading\" data-kb-block=\"kb-adv-heading_a1a583-2b\">Nos projets<\/h1>\n\n\n\n<p>La marmotte qui ne dort jamais Afin de rendre ton s\u00e9jour chez nous aussi passionnant et vari\u00e9 que possible, nous avons pr\u00e9vu diverses fonctionnalit\u00e9s pour toi. Savais-tu que la vieille Aar est presque la plus belle \u00e0 B\u00fcren ? Ou bien fais-tu partie de ceux qui ne savent jamais ce que la famille va rapporter de leurs vacances ? Cela n&rsquo;a jamais \u00e9t\u00e9 aussi simple \ud83d\ude42<\/p>\n<\/div><\/div>\n<style>.kadence-column_37756b-e7{max-width:1024px;margin-left:auto;margin-right:auto;}.wp-block-kadence-column.kb-section-dir-horizontal:not(.kb-section-md-dir-vertical)>.kt-inside-inner-col>.kadence-column_37756b-e7{-webkit-flex:0 1 1024px;flex:0 1 1024px;max-width:unset;margin-left:unset;margin-right:unset;}.kadence-column_37756b-e7 > .kt-inside-inner-col,.kadence-column_37756b-e7 > .kt-inside-inner-col:before{border-top-left-radius:0px;border-top-right-radius:0px;border-bottom-right-radius:0px;border-bottom-left-radius:0px;}.kadence-column_37756b-e7 > .kt-inside-inner-col{column-gap:var(--global-kb-gap-sm, 1rem);}.kadence-column_37756b-e7 > .kt-inside-inner-col{flex-direction:column;}.kadence-column_37756b-e7 > .kt-inside-inner-col > .aligncenter{width:100%;}.kadence-column_37756b-e7 > .kt-inside-inner-col:before{opacity:0.3;}.kadence-column_37756b-e7{position:relative;}.kadence-column_37756b-e7, .kt-inside-inner-col > .kadence-column_37756b-e7:not(.specificity){margin-bottom:var(--global-kb-spacing-sm, 1.5rem);}@media all and (min-width: 1025px){.wp-block-kadence-column.kb-section-dir-horizontal>.kt-inside-inner-col>.kadence-column_37756b-e7{-webkit-flex:0 1 1024px;flex:0 1 1024px;max-width:unset;margin-left:unset;margin-right:unset;}}@media all and (max-width: 1024px){.kadence-column_37756b-e7 > .kt-inside-inner-col{flex-direction:column;}}@media all and (max-width: 767px){.wp-block-kadence-column.kb-section-sm-dir-vertical:not(.kb-section-sm-dir-horizontal):not(.kb-section-sm-dir-specificity)>.kt-inside-inner-col>.kadence-column_37756b-e7{max-width:1024px;-webkit-flex:1;flex:1;margin-left:auto;margin-right:auto;}.kadence-column_37756b-e7 > .kt-inside-inner-col{flex-direction:column;}}<\/style>\n<div class=\"wp-block-kadence-column kadence-column_37756b-e7\"><div class=\"kt-inside-inner-col\"><style>.kt-post-loop_43a2df-ea .kadence-post-image{padding-top:0px;padding-right:30px;padding-bottom:0px;padding-left:0px;}.kt-post-loop_43a2df-ea .kt-feat-image-align-left{grid-template-columns:40% auto;}.kt-post-loop_43a2df-ea .kt-post-grid-wrap{gap:30px 32px;}.kt-post-loop_43a2df-ea .kt-blocks-post-grid-item{border-top-left-radius:0px;border-top-right-radius:0px;border-bottom-right-radius:0px;border-bottom-left-radius:0px;overflow:hidden;box-shadow:0px 0px 14px 0px rgba(0, 0, 0, 0.2);}.kt-post-loop_43a2df-ea .kt-blocks-post-grid-item .kt-blocks-post-grid-item-inner{padding-top:20px;padding-right:20px;padding-bottom:20px;}.kt-post-loop_43a2df-ea .kt-blocks-post-grid-item .kt-blocks-post-grid-item-inner{text-align:left;}.kt-post-loop_43a2df-ea .kt-blocks-post-grid-item header{padding-top:0px;padding-right:0px;padding-bottom:10px;padding-left:0px;margin-top:0px;margin-right:0px;margin-bottom:0px;margin-left:0px;}.kt-post-loop_43a2df-ea .kt-blocks-post-grid-item .kt-blocks-above-categories{font-size:13px;line-height:20px;text-transform:uppercase;}.kt-post-loop_43a2df-ea .kt-blocks-post-grid-item .entry-title{padding-top:5px;padding-right:0px;padding-bottom:0px;padding-left:0px;margin-top:0px;margin-right:0px;margin-bottom:0px;margin-left:0px;font-size:24px;line-height:30px;}.kt-post-loop_43a2df-ea .entry-content{padding-top:0px;padding-right:0px;padding-bottom:0px;padding-left:0px;margin-top:0px;margin-right:0px;margin-bottom:0px;margin-left:0px;font-size:16px;line-height:25px;}.kt-post-loop_43a2df-ea .kt-blocks-post-footer{border-top-width:0px;border-right-width:0px;border-bottom-width:0px;border-left-width:0px;padding-top:0px;padding-right:0px;padding-bottom:0px;padding-left:0px;margin-top:0px;margin-right:0px;margin-left:0px;font-size:12px;line-height:20px;text-transform:uppercase;}.kt-post-loop_43a2df-ea .entry-content:after{height:0px;}.kt-post-loop_43a2df-ea .entry-content .kt-blocks-post-readmore{background-color:var(--global-palette1, #3182CE);border-color:#444444;color:#ffffff;padding-top:10px;padding-right:20px;padding-bottom:10px;padding-left:20px;margin-top:10px;margin-right:0px;margin-bottom:0px;margin-left:0px;}.kt-post-loop_43a2df-ea .entry-content .kt-blocks-post-readmore:hover{color:#ffffff;border-color:#555555;background-color:#555555;}.kt-post-loop_43a2df-ea .kb-filter-item{border-top-width:0px;border-right-width:0px;border-bottom-width:2px;border-left-width:0px;padding-top:5px;padding-right:8px;padding-bottom:5px;padding-left:8px;margin-top:0px;margin-right:10px;margin-bottom:0px;margin-left:0px;}<\/style><div class=\"wp-block-kadence-postgrid kt-blocks-post-loop-block alignnone kt-post-loop_43a2df-ea kt-post-grid-layout-grid \"><div class=\"kt-post-grid-layout-grid-wrap kt-post-grid-wrap\" data-columns-xxl=\"1\" data-columns-xl=\"1\" data-columns-md=\"1\" data-columns-sm=\"1\" data-columns-xs=\"1\" data-columns-ss=\"1\"data-item-selector=\".kt-post-masonry-item\"><article class=\"kt-blocks-post-grid-item post-773 projekt type-projekt status-publish has-post-thumbnail hentry\"><div class=\"kt-blocks-post-grid-item-inner-wrap kt-feat-image-align-left kt-feat-image-mobile-align-top\"><div class=\"kadence-post-image\"><div class=\"kadence-post-image-intrisic kt-image-ratio-66-67\" style=\"padding-bottom:66.67%\"><div class=\"kadence-post-image-inner-intrisic\"><a href=\"https:\/\/buer.ch\/fr\/projekt\/location-de-velos\/\" class=\"kadence-post-image-inner-wrap\"><img loading=\"lazy\" decoding=\"async\" width=\"768\" height=\"1024\" src=\"https:\/\/buer.ch\/wp-content\/uploads\/2023\/04\/IMG_8669-3-768x1024.jpg\" class=\"attachment-large size-large wp-post-image\" alt=\"\" srcset=\"https:\/\/buer.ch\/wp-content\/uploads\/2023\/04\/IMG_8669-3-768x1024.jpg 768w, https:\/\/buer.ch\/wp-content\/uploads\/2023\/04\/IMG_8669-3-225x300.jpg 225w, https:\/\/buer.ch\/wp-content\/uploads\/2023\/04\/IMG_8669-3-1152x1536.jpg 1152w, https:\/\/buer.ch\/wp-content\/uploads\/2023\/04\/IMG_8669-3-1536x2048.jpg 1536w, https:\/\/buer.ch\/wp-content\/uploads\/2023\/04\/IMG_8669-3-scaled.jpg 1920w\" sizes=\"auto, (max-width: 768px) 100vw, 768px\" \/><\/a><\/div><\/div><\/div><div class=\"kt-blocks-post-grid-item-inner\"><header><h2 class=\"entry-title\"><a href=\"https:\/\/buer.ch\/fr\/projekt\/location-de-velos\/\">Location de v\u00e9los<\/a><\/h2><div class=\"kt-blocks-post-top-meta\"><\/div><\/header><div class=\"entry-content\">D\u00e9couvre la route de l&rsquo;Aar et le Seeland avec nos v\u00e9los hollandais.<div class=\"kt-blocks-post-readmore-wrap\"><a class=\"kt-blocks-post-readmore\" href=\"https:\/\/buer.ch\/fr\/projekt\/location-de-velos\/\">Weitere Informationen<span class=\"screen-reader-text\"> Location de v\u00e9los<\/span><\/a><\/div><\/div><footer class=\"kt-blocks-post-footer\"><div class=\"kt-blocks-post-footer-left\"><\/div><div class=\"kt-blocks-post-footer-right\"><\/div><\/footer><\/div><\/div><\/article><\/div><\/div><!-- .wp-block-kadence-postgrid --><\/div><\/div>\n","protected":false},"excerpt":{"rendered":"<p>Nos projets La marmotte qui ne dort jamais Afin de rendre ton s\u00e9jour chez nous aussi passionnant et vari\u00e9 que possible, nous avons pr\u00e9vu diverses fonctionnalit\u00e9s pour toi. Savais-tu que la vieille Aar est presque la plus belle \u00e0 B\u00fcren ? Ou bien fais-tu partie de ceux qui ne savent jamais ce que la famille&#8230;<\/p>\n","protected":false},"author":1,"featured_media":0,"parent":0,"menu_order":0,"comment_status":"closed","ping_status":"closed","template":"","meta":{"_acf_changed":false,"_kad_blocks_custom_css":"","_kad_blocks_head_custom_js":"","_kad_blocks_body_custom_js":"","_kad_blocks_footer_custom_js":"","_kad_post_transparent":"","_kad_post_title":"","_kad_post_layout":"","_kad_post_sidebar_id":"","_kad_post_content_style":"","_kad_post_vertical_padding":"","_kad_post_feature":"","_kad_post_feature_position":"","_kad_post_header":false,"_kad_post_footer":false,"footnotes":""},"class_list":["post-741","page","type-page","status-publish","hentry"],"acf":[],"taxonomy_info":[],"featured_image_src_large":false,"author_info":{"display_name":"marcelheiniger","author_link":"https:\/\/buer.ch\/fr\/author\/marcelheiniger\/"},"comment_info":0,"_links":{"self":[{"href":"https:\/\/buer.ch\/fr\/wp-json\/wp\/v2\/pages\/741","targetHints":{"allow":["GET"]}}],"collection":[{"href":"https:\/\/buer.ch\/fr\/wp-json\/wp\/v2\/pages"}],"about":[{"href":"https:\/\/buer.ch\/fr\/wp-json\/wp\/v2\/types\/page"}],"author":[{"embeddable":true,"href":"https:\/\/buer.ch\/fr\/wp-json\/wp\/v2\/users\/1"}],"replies":[{"embeddable":true,"href":"https:\/\/buer.ch\/fr\/wp-json\/wp\/v2\/comments?post=741"}],"version-history":[{"count":4,"href":"https:\/\/buer.ch\/fr\/wp-json\/wp\/v2\/pages\/741\/revisions"}],"predecessor-version":[{"id":851,"href":"https:\/\/buer.ch\/fr\/wp-json\/wp\/v2\/pages\/741\/revisions\/851"}],"wp:attachment":[{"href":"https:\/\/buer.ch\/fr\/wp-json\/wp\/v2\/media?parent=741"}],"curies":[{"name":"wp","href":"https:\/\/api.w.org\/{rel}","templated":true}]}}