{"id":735,"date":"2023-04-02T09:52:22","date_gmt":"2023-04-02T07:52:22","guid":{"rendered":"https:\/\/buer.webdev4u.info\/le-bistrot\/"},"modified":"2026-01-11T14:43:11","modified_gmt":"2026-01-11T13:43:11","slug":"le-bistrot","status":"publish","type":"page","link":"https:\/\/buer.ch\/fr\/le-bistrot\/","title":{"rendered":"Temps de fondue"},"content":{"rendered":"<style>.kb-row-layout-wrap.wp-block-kadence-rowlayout.kb-row-layout-id202_e1f545-a8{margin-top:0px;margin-bottom:0px;}.kb-row-layout-id202_e1f545-a8 > .kt-row-column-wrap{align-content:center;}:where(.kb-row-layout-id202_e1f545-a8 > .kt-row-column-wrap) > .wp-block-kadence-column{justify-content:center;}.kb-row-layout-id202_e1f545-a8 > .kt-row-column-wrap{column-gap:var(--global-kb-gap-md, 2rem);row-gap:var(--global-kb-gap-md, 2rem);max-width:var( --global-content-width, 1024px );padding-left:var(--global-content-edge-padding);padding-right:var(--global-content-edge-padding);padding-top:var(--global-kb-spacing-3xl, 6.5rem);padding-bottom:var(--global-kb-spacing-3xl, 6.5rem);grid-template-columns:minmax(0, 1fr);}.kb-row-layout-id202_e1f545-a8{background-image:url('https:\/\/buer.ch\/wp-content\/uploads\/2023\/05\/IMG_8873-1-scaled.jpg');background-size:cover;background-position:55.00000000000001% 37%;background-attachment:scroll;background-repeat:no-repeat;}.kb-row-layout-id202_e1f545-a8 > .kt-row-layout-overlay{opacity:0.80;background-color:var(--global-palette7, #EDF2F7);}@media all and (max-width: 1024px){.kb-row-layout-id202_e1f545-a8 > .kt-row-column-wrap{grid-template-columns:minmax(0, 1fr);}}@media all and (max-width: 767px){.kb-row-layout-id202_e1f545-a8 > .kt-row-column-wrap{padding-top:var(--global-kb-spacing-sm, 1.5rem);padding-right:var(--global-kb-spacing-xxs, 0.5rem);padding-bottom:var(--global-kb-spacing-sm, 1.5rem);padding-left:var(--global-kb-spacing-xxs, 0.5rem);grid-template-columns:minmax(0, 1fr);}}<\/style><div class=\"kb-row-layout-wrap kb-row-layout-id202_e1f545-a8 alignnone has-theme-palette7-background-color kt-row-has-bg wp-block-kadence-rowlayout\"><div class=\"kt-row-layout-overlay kt-row-overlay-normal\"><\/div><div class=\"kt-row-column-wrap kt-has-1-columns kt-row-layout-equal kt-tab-layout-inherit kt-mobile-layout-row kt-row-valign-middle kt-inner-column-height-full kb-theme-content-width\">\n<style>.kadence-column202_f5897f-99 > .kt-inside-inner-col,.kadence-column202_f5897f-99 > .kt-inside-inner-col:before{border-top-left-radius:0px;border-top-right-radius:0px;border-bottom-right-radius:0px;border-bottom-left-radius:0px;}.kadence-column202_f5897f-99 > .kt-inside-inner-col{column-gap:var(--global-kb-gap-sm, 1rem);}.kadence-column202_f5897f-99 > .kt-inside-inner-col{flex-direction:column;}.kadence-column202_f5897f-99 > .kt-inside-inner-col > .aligncenter{width:100%;}.kadence-column202_f5897f-99 > .kt-inside-inner-col:before{opacity:0.3;}.kadence-column202_f5897f-99{position:relative;}@media all and (max-width: 1024px){.kadence-column202_f5897f-99 > .kt-inside-inner-col{flex-direction:column;}}@media all and (max-width: 767px){.kadence-column202_f5897f-99 > .kt-inside-inner-col{padding-right:0px;flex-direction:column;}}<\/style>\n<div class=\"wp-block-kadence-column kadence-column202_f5897f-99\"><div class=\"kt-inside-inner-col\"><style>.wp-block-kadence-advancedheading.kt-adv-heading202_537a73-de, .wp-block-kadence-advancedheading.kt-adv-heading202_537a73-de[data-kb-block=\"kb-adv-heading202_537a73-de\"]{text-align:left;font-style:normal;}.wp-block-kadence-advancedheading.kt-adv-heading202_537a73-de mark.kt-highlight, .wp-block-kadence-advancedheading.kt-adv-heading202_537a73-de[data-kb-block=\"kb-adv-heading202_537a73-de\"] mark.kt-highlight{font-style:normal;color:#f76a0c;-webkit-box-decoration-break:clone;box-decoration-break:clone;padding-top:0px;padding-right:0px;padding-bottom:0px;padding-left:0px;}<\/style>\n<h1 class=\"kt-adv-heading202_537a73-de wp-block-kadence-advancedheading\" data-kb-block=\"kb-adv-heading202_537a73-de\">Manger &amp; boire<\/h1>\n\n\n\n<p>Notre bistrot est ouvert \u00e0 tous : Que ce soit pour un d\u00e9licieux plattli, un cappuccino ou un spritz au limoncello. Dans la vieille ville de B\u00fcren, tu peux d\u00e9couvrir &amp; go\u00fbter tous les L\u00f6\u00f6li. L&rsquo;atmosph\u00e8re conviviale fait du B\u00fcr un lieu de rencontre simple.<\/p>\n\n\n\n<p>Nous n&rsquo;acceptons pas les r\u00e9servations de table, il se peut donc que le rendez-vous dure plus longtemps que pr\u00e9vu.  <\/p>\n<\/div><\/div>\n\n<\/div><\/div><style>.kb-row-layout-id202_3c1c80-ca > .kt-row-column-wrap{align-content:start;}:where(.kb-row-layout-id202_3c1c80-ca > .kt-row-column-wrap) > .wp-block-kadence-column{justify-content:start;}.kb-row-layout-id202_3c1c80-ca > .kt-row-column-wrap{column-gap:var(--global-kb-gap-md, 2rem);row-gap:var(--global-kb-gap-md, 2rem);padding-top:var(--global-kb-spacing-sm, 1.5rem);padding-bottom:var(--global-kb-spacing-sm, 1.5rem);grid-template-columns:minmax(0, 1fr);}.kb-row-layout-id202_3c1c80-ca > .kt-row-layout-overlay{opacity:0.30;}@media all and (max-width: 1024px){.kb-row-layout-id202_3c1c80-ca > .kt-row-column-wrap{grid-template-columns:minmax(0, 1fr);}}@media all and (max-width: 767px){.kb-row-layout-id202_3c1c80-ca > .kt-row-column-wrap{grid-template-columns:minmax(0, 1fr);}}<\/style><div class=\"kb-row-layout-wrap kb-row-layout-id202_3c1c80-ca alignnone wp-block-kadence-rowlayout\"><div class=\"kt-row-column-wrap kt-has-1-columns kt-row-layout-equal kt-tab-layout-inherit kt-mobile-layout-row kt-row-valign-top\">\n<style>.kadence-column202_3b6350-95 > .kt-inside-inner-col,.kadence-column202_3b6350-95 > .kt-inside-inner-col:before{border-top-left-radius:0px;border-top-right-radius:0px;border-bottom-right-radius:0px;border-bottom-left-radius:0px;}.kadence-column202_3b6350-95 > .kt-inside-inner-col{column-gap:var(--global-kb-gap-sm, 1rem);}.kadence-column202_3b6350-95 > .kt-inside-inner-col{flex-direction:column;}.kadence-column202_3b6350-95 > .kt-inside-inner-col > .aligncenter{width:100%;}.kadence-column202_3b6350-95 > .kt-inside-inner-col:before{opacity:0.3;}.kadence-column202_3b6350-95{position:relative;}@media all and (max-width: 1024px){.kadence-column202_3b6350-95 > .kt-inside-inner-col{flex-direction:column;}}@media all and (max-width: 767px){.kadence-column202_3b6350-95 > .kt-inside-inner-col{flex-direction:column;}}<\/style>\n<div class=\"wp-block-kadence-column kadence-column202_3b6350-95\"><div class=\"kt-inside-inner-col\"><style>.wp-block-kadence-advancedheading.kt-adv-heading202_8c06a8-db, .wp-block-kadence-advancedheading.kt-adv-heading202_8c06a8-db[data-kb-block=\"kb-adv-heading202_8c06a8-db\"]{padding-top:var(--global-kb-spacing-xxl, 5rem);text-align:center;font-style:normal;}.wp-block-kadence-advancedheading.kt-adv-heading202_8c06a8-db mark.kt-highlight, .wp-block-kadence-advancedheading.kt-adv-heading202_8c06a8-db[data-kb-block=\"kb-adv-heading202_8c06a8-db\"] mark.kt-highlight{font-style:normal;color:#f76a0c;-webkit-box-decoration-break:clone;box-decoration-break:clone;padding-top:0px;padding-right:0px;padding-bottom:0px;padding-left:0px;}<\/style>\n<h2 class=\"kt-adv-heading202_8c06a8-db wp-block-kadence-advancedheading\" data-kb-block=\"kb-adv-heading202_8c06a8-db\">Notre carte<\/h2>\n<\/div><\/div>\n\n<\/div><\/div><style>.kadence-column202_fc8349-a7 > .kt-inside-inner-col,.kadence-column202_fc8349-a7 > .kt-inside-inner-col:before{border-top-left-radius:0px;border-top-right-radius:0px;border-bottom-right-radius:0px;border-bottom-left-radius:0px;}.kadence-column202_fc8349-a7 > .kt-inside-inner-col{column-gap:var(--global-kb-gap-sm, 1rem);}.kadence-column202_fc8349-a7 > .kt-inside-inner-col{flex-direction:column;}.kadence-column202_fc8349-a7 > .kt-inside-inner-col > .aligncenter{width:100%;}.kadence-column202_fc8349-a7 > .kt-inside-inner-col:before{opacity:0.3;}.kadence-column202_fc8349-a7{position:relative;}@media all and (max-width: 1024px){.kadence-column202_fc8349-a7 > .kt-inside-inner-col{flex-direction:column;}}@media all and (max-width: 767px){.kadence-column202_fc8349-a7 > .kt-inside-inner-col{flex-direction:column;}}<\/style>\n<div class=\"wp-block-kadence-column kadence-column202_fc8349-a7\"><div class=\"kt-inside-inner-col\"><style>.kadence-column202_878a10-b7 > .kt-inside-inner-col,.kadence-column202_878a10-b7 > .kt-inside-inner-col:before{border-top-left-radius:0px;border-top-right-radius:0px;border-bottom-right-radius:0px;border-bottom-left-radius:0px;}.kadence-column202_878a10-b7 > .kt-inside-inner-col{column-gap:var(--global-kb-gap-sm, 1rem);}.kadence-column202_878a10-b7 > .kt-inside-inner-col{flex-direction:column;}.kadence-column202_878a10-b7 > .kt-inside-inner-col > .aligncenter{width:100%;}.kadence-column202_878a10-b7 > .kt-inside-inner-col:before{opacity:0.3;}.kadence-column202_878a10-b7{position:relative;}@media all and (max-width: 1024px){.kadence-column202_878a10-b7 > .kt-inside-inner-col{flex-direction:column;}}@media all and (max-width: 767px){.kadence-column202_878a10-b7 > .kt-inside-inner-col{flex-direction:column;}}<\/style>\n<div class=\"wp-block-kadence-column kadence-column202_878a10-b7\"><div class=\"kt-inside-inner-col\">\n<div data-wp-interactive=\"core\/file\" class=\"wp-block-file\"><object data-wp-bind--hidden=\"!state.hasPdfPreview\" hidden class=\"wp-block-file__embed\" data=\"https:\/\/buer.ch\/wp-content\/uploads\/2025\/10\/Buer_Bistro-Karte_Front_A4_Final_25-09-25.pdf\" type=\"application\/pdf\" style=\"width:100%;height:600px\" aria-label=\"Contenu embarqu\u00e9 Buer_Bistro-Karte_Front_A4_Final_25-09-25.\"><\/object><a id=\"wp-block-file--media-d6cb4ee1-f939-412a-aac3-917ddc988f57\" href=\"https:\/\/buer.ch\/wp-content\/uploads\/2025\/10\/Buer_Bistro-Karte_Front_A4_Final_25-09-25.pdf\">Buer_Bistro-Karte_Front_A4_Final_25-09-25<\/a><a href=\"https:\/\/buer.ch\/wp-content\/uploads\/2025\/10\/Buer_Bistro-Karte_Front_A4_Final_25-09-25.pdf\" class=\"wp-block-file__button wp-element-button\" download=\"\" aria-describedby=\"wp-block-file--media-d6cb4ee1-f939-412a-aac3-917ddc988f57\">T\u00e9l\u00e9charger<\/a><\/div>\n\n\n\n<div data-wp-interactive=\"core\/file\" class=\"wp-block-file\"><object data-wp-bind--hidden=\"!state.hasPdfPreview\" hidden class=\"wp-block-file__embed\" data=\"https:\/\/buer.ch\/wp-content\/uploads\/2025\/10\/Buer_Bistro-Karte_Back_A4_Final_25-09-25.pdf\" type=\"application\/pdf\" style=\"width:100%;height:600px\" aria-label=\"Contenu embarqu\u00e9 Buer_Bistro-Karte_Back_A4_Final_25-09-25.\"><\/object><a id=\"wp-block-file--media-0db68bc7-375f-4d27-a2dc-40338166a33d\" href=\"https:\/\/buer.ch\/wp-content\/uploads\/2025\/10\/Buer_Bistro-Karte_Back_A4_Final_25-09-25.pdf\">Buer_Bistro-Karte_Back_A4_Final_25-09-25<\/a><a href=\"https:\/\/buer.ch\/wp-content\/uploads\/2025\/10\/Buer_Bistro-Karte_Back_A4_Final_25-09-25.pdf\" class=\"wp-block-file__button wp-element-button\" download=\"\" aria-describedby=\"wp-block-file--media-0db68bc7-375f-4d27-a2dc-40338166a33d\">T\u00e9l\u00e9charger<\/a><\/div>\n\n\n<style>.kb-row-layout-wrap.wp-block-kadence-rowlayout.kb-row-layout-id202_17696c-32{margin-top:0px;margin-bottom:0px;}.kb-row-layout-id202_17696c-32 > .kt-row-column-wrap{align-content:center;}:where(.kb-row-layout-id202_17696c-32 > .kt-row-column-wrap) > .wp-block-kadence-column{justify-content:center;}.kb-row-layout-id202_17696c-32 > .kt-row-column-wrap{column-gap:var(--global-kb-gap-md, 2rem);row-gap:var(--global-kb-gap-md, 2rem);max-width:var( --global-content-width, 1024px );padding-left:var(--global-content-edge-padding);padding-right:var(--global-content-edge-padding);padding-top:var(--global-kb-spacing-3xl, 6.5rem);padding-bottom:var(--global-kb-spacing-3xl, 6.5rem);grid-template-columns:minmax(0, calc(65% - ((var(--global-kb-gap-md, 2rem) * 1 )\/2)))minmax(0, calc(35% - ((var(--global-kb-gap-md, 2rem) * 1 )\/2)));}.kb-row-layout-id202_17696c-32 > .kt-row-layout-overlay{opacity:0.30;}@media all and (max-width: 1024px){.kb-row-layout-id202_17696c-32 > .kt-row-column-wrap{grid-template-columns:repeat(2, minmax(0, 1fr));}}@media all and (max-width: 767px){.kb-row-layout-id202_17696c-32 > .kt-row-column-wrap{padding-top:var(--global-kb-spacing-sm, 1.5rem);padding-right:var(--global-kb-spacing-xxs, 0.5rem);padding-bottom:var(--global-kb-spacing-sm, 1.5rem);padding-left:var(--global-kb-spacing-xxs, 0.5rem);grid-template-columns:minmax(0, 1fr);}}<\/style><div class=\"kb-row-layout-wrap kb-row-layout-id202_17696c-32 alignwide has-theme-palette7-background-color kt-row-has-bg wp-block-kadence-rowlayout\"><div class=\"kt-row-column-wrap kt-has-2-columns kt-row-layout-equal kt-tab-layout-inherit kt-mobile-layout-row kt-row-valign-middle kt-inner-column-height-full kb-theme-content-width\">\n<style>.kadence-column202_66e43d-45 > .kt-inside-inner-col,.kadence-column202_66e43d-45 > .kt-inside-inner-col:before{border-top-left-radius:0px;border-top-right-radius:0px;border-bottom-right-radius:0px;border-bottom-left-radius:0px;}.kadence-column202_66e43d-45 > .kt-inside-inner-col{column-gap:var(--global-kb-gap-sm, 1rem);}.kadence-column202_66e43d-45 > .kt-inside-inner-col{flex-direction:column;}.kadence-column202_66e43d-45 > .kt-inside-inner-col > .aligncenter{width:100%;}.kadence-column202_66e43d-45 > .kt-inside-inner-col:before{opacity:0.3;}.kadence-column202_66e43d-45{text-align:center;}.kadence-column202_66e43d-45{position:relative;}@media all and (max-width: 1024px){.kadence-column202_66e43d-45 > .kt-inside-inner-col{flex-direction:column;}}@media all and (max-width: 767px){.kadence-column202_66e43d-45 > .kt-inside-inner-col{flex-direction:column;}}<\/style>\n<div class=\"wp-block-kadence-column kadence-column202_66e43d-45\"><div class=\"kt-inside-inner-col\"><style>.kb-image202_13dd95-ae.kb-image-is-ratio-size, .kb-image202_13dd95-ae .kb-image-is-ratio-size{max-width:560px;width:100%;}.wp-block-kadence-column > .kt-inside-inner-col > .kb-image202_13dd95-ae.kb-image-is-ratio-size, .wp-block-kadence-column > .kt-inside-inner-col > .kb-image202_13dd95-ae .kb-image-is-ratio-size{align-self:unset;}.kb-image202_13dd95-ae figure{max-width:560px;}.kb-image202_13dd95-ae .image-is-svg, .kb-image202_13dd95-ae .image-is-svg img{width:100%;}.kb-image202_13dd95-ae .kb-image-has-overlay:after{opacity:0.3;}<\/style>\n<div class=\"wp-block-kadence-image kb-image202_13dd95-ae\"><figure class=\"aligncenter size-large kb-image-is-ratio-size\"><div class=\"kb-is-ratio-image kb-image-ratio-square\"><img loading=\"lazy\" decoding=\"async\" width=\"768\" height=\"1024\" src=\"https:\/\/buer.ch\/wp-content\/uploads\/2025\/05\/kaffee-768x1024.jpg\" alt=\"\" class=\"kb-img wp-image-1563\" srcset=\"https:\/\/buer.ch\/wp-content\/uploads\/2025\/05\/kaffee-768x1024.jpg 768w, https:\/\/buer.ch\/wp-content\/uploads\/2025\/05\/kaffee-225x300.jpg 225w, https:\/\/buer.ch\/wp-content\/uploads\/2025\/05\/kaffee-1152x1536.jpg 1152w, https:\/\/buer.ch\/wp-content\/uploads\/2025\/05\/kaffee-1536x2048.jpg 1536w, https:\/\/buer.ch\/wp-content\/uploads\/2025\/05\/kaffee-scaled.jpg 1920w\" sizes=\"auto, (max-width: 768px) 100vw, 768px\" \/><\/div><\/figure><\/div>\n<\/div><\/div>\n\n\n<style>.kadence-column202_aa9072-49 > .kt-inside-inner-col,.kadence-column202_aa9072-49 > .kt-inside-inner-col:before{border-top-left-radius:0px;border-top-right-radius:0px;border-bottom-right-radius:0px;border-bottom-left-radius:0px;}.kadence-column202_aa9072-49 > .kt-inside-inner-col{column-gap:var(--global-kb-gap-sm, 1rem);}.kadence-column202_aa9072-49 > .kt-inside-inner-col{flex-direction:column;}.kadence-column202_aa9072-49 > .kt-inside-inner-col > .aligncenter{width:100%;}.kadence-column202_aa9072-49 > .kt-inside-inner-col:before{opacity:0.3;}.kadence-column202_aa9072-49{position:relative;}@media all and (max-width: 1024px){.kadence-column202_aa9072-49 > .kt-inside-inner-col{flex-direction:column;}}@media all and (max-width: 767px){.kadence-column202_aa9072-49 > .kt-inside-inner-col{flex-direction:column;}}<\/style>\n<div class=\"wp-block-kadence-column kadence-column202_aa9072-49\"><div class=\"kt-inside-inner-col\">\n<figure class=\"wp-block-image alignwide size-large is-style-default\"><img loading=\"lazy\" decoding=\"async\" width=\"1024\" height=\"576\" src=\"https:\/\/buer.ch\/wp-content\/uploads\/2025\/05\/Vegi-Plaettli-1024x576.jpg\" alt=\"\" class=\"wp-image-1558\" srcset=\"https:\/\/buer.ch\/wp-content\/uploads\/2025\/05\/Vegi-Plaettli-1024x576.jpg 1024w, https:\/\/buer.ch\/wp-content\/uploads\/2025\/05\/Vegi-Plaettli-300x169.jpg 300w, https:\/\/buer.ch\/wp-content\/uploads\/2025\/05\/Vegi-Plaettli-768x432.jpg 768w, https:\/\/buer.ch\/wp-content\/uploads\/2025\/05\/Vegi-Plaettli-1536x864.jpg 1536w, https:\/\/buer.ch\/wp-content\/uploads\/2025\/05\/Vegi-Plaettli-2048x1152.jpg 2048w\" sizes=\"auto, (max-width: 1024px) 100vw, 1024px\" \/><\/figure>\n<\/div><\/div>\n\n<\/div><\/div><\/div><\/div>\n<\/div><\/div>\n","protected":false},"excerpt":{"rendered":"<p>Manger &amp; boire Notre bistrot est ouvert \u00e0 tous : Que ce soit pour un d\u00e9licieux plattli, un cappuccino ou un spritz au limoncello. Dans la vieille ville de B\u00fcren, tu peux d\u00e9couvrir &amp; go\u00fbter tous les L\u00f6\u00f6li. L&rsquo;atmosph\u00e8re conviviale fait du B\u00fcr un lieu de rencontre simple. Nous n&rsquo;acceptons pas les r\u00e9servations de table,&#8230;<\/p>\n","protected":false},"author":1,"featured_media":0,"parent":0,"menu_order":0,"comment_status":"closed","ping_status":"closed","template":"","meta":{"_acf_changed":false,"_kad_blocks_custom_css":"","_kad_blocks_head_custom_js":"","_kad_blocks_body_custom_js":"","_kad_blocks_footer_custom_js":"","_kad_post_transparent":"","_kad_post_title":"","_kad_post_layout":"","_kad_post_sidebar_id":"","_kad_post_content_style":"","_kad_post_vertical_padding":"","_kad_post_feature":"","_kad_post_feature_position":"","_kad_post_header":false,"_kad_post_footer":false,"footnotes":""},"class_list":["post-735","page","type-page","status-publish","hentry"],"acf":[],"taxonomy_info":[],"featured_image_src_large":false,"author_info":{"display_name":"marcelheiniger","author_link":"https:\/\/buer.ch\/fr\/author\/marcelheiniger\/"},"comment_info":0,"_links":{"self":[{"href":"https:\/\/buer.ch\/fr\/wp-json\/wp\/v2\/pages\/735","targetHints":{"allow":["GET"]}}],"collection":[{"href":"https:\/\/buer.ch\/fr\/wp-json\/wp\/v2\/pages"}],"about":[{"href":"https:\/\/buer.ch\/fr\/wp-json\/wp\/v2\/types\/page"}],"author":[{"embeddable":true,"href":"https:\/\/buer.ch\/fr\/wp-json\/wp\/v2\/users\/1"}],"replies":[{"embeddable":true,"href":"https:\/\/buer.ch\/fr\/wp-json\/wp\/v2\/comments?post=735"}],"version-history":[{"count":41,"href":"https:\/\/buer.ch\/fr\/wp-json\/wp\/v2\/pages\/735\/revisions"}],"predecessor-version":[{"id":1746,"href":"https:\/\/buer.ch\/fr\/wp-json\/wp\/v2\/pages\/735\/revisions\/1746"}],"wp:attachment":[{"href":"https:\/\/buer.ch\/fr\/wp-json\/wp\/v2\/media?parent=735"}],"curies":[{"name":"wp","href":"https:\/\/api.w.org\/{rel}","templated":true}]}}